{"id":4999,"date":"2022-04-27T12:40:39","date_gmt":"2022-04-27T10:40:39","guid":{"rendered":"https:\/\/coldefy.fr\/product\/tropicalia\/"},"modified":"2022-09-13T13:13:19","modified_gmt":"2022-09-13T11:13:19","slug":"tropicalia","status":"publish","type":"product","link":"https:\/\/coldefy.fr\/fr\/product\/tropicalia\/","title":{"rendered":"Tropicalia"},"content":{"rendered":"","protected":false},"excerpt":{"rendered":"<p>Tropicalia, une serre tropicale chauff\u00e9e \u00e0 28\u00b0C, s&rsquo;\u00e9tend sur une surface de 20 000 m\u00b2 sur la C\u00f4te d&rsquo;Opale, dans le Nord de la France. V\u00e9ritable \u00ab\u00a0bulle d&rsquo;harmonie\u00a0\u00bb, elle reconnecte les visiteurs avec le monde v\u00e9g\u00e9tal et animal dans une r\u00e9gion o\u00f9 le climat est souvent rude. Tropicalia est un lieu de d\u00e9couverte, d&rsquo;\u00e9merveillement et de sensibilisation, une invitation au r\u00eave, au voyage et \u00e0 l&rsquo;apprentissage. Il accueillera une faune et une flore riches et vari\u00e9es : fleurs exotiques, papillons, colibris, poissons d&rsquo;Amazonie, tortues, ca\u00efmans, jardins aquatiques, cascades et \u00e9tangs.<\/p>\n<p>Pour commander cette publication, merci de nous \u00e9crire un email \u00e0 <a href=\"mailto:communication@coldefy.fr\">communication@coldefy.fr<\/a> [&#8230;]<\/p>\n<p><a class=\"btn btn-secondary understrap-read-more-link\" href=\"https:\/\/coldefy.fr\/fr\/product\/tropicalia\/\">Lire la suite\u2026<span class=\"screen-reader-text\"> from Tropicalia<\/span><\/a><\/p>\n","protected":false},"featured_media":4996,"template":"","meta":[],"product_cat":[170],"product_tag":[],"acf":[],"_links":{"self":[{"href":"https:\/\/coldefy.fr\/fr\/wp-json\/wp\/v2\/product\/4999"}],"collection":[{"href":"https:\/\/coldefy.fr\/fr\/wp-json\/wp\/v2\/product"}],"about":[{"href":"https:\/\/coldefy.fr\/fr\/wp-json\/wp\/v2\/types\/product"}],"wp:featuredmedia":[{"embeddable":true,"href":"https:\/\/coldefy.fr\/fr\/wp-json\/wp\/v2\/media\/4996"}],"wp:attachment":[{"href":"https:\/\/coldefy.fr\/fr\/wp-json\/wp\/v2\/media?parent=4999"}],"wp:term":[{"taxonomy":"product_cat","embeddable":true,"href":"https:\/\/coldefy.fr\/fr\/wp-json\/wp\/v2\/product_cat?post=4999"},{"taxonomy":"product_tag","embeddable":true,"href":"https:\/\/coldefy.fr\/fr\/wp-json\/wp\/v2\/product_tag?post=4999"}],"curies":[{"name":"wp","href":"https:\/\/api.w.org\/{rel}","templated":true}]}}